{"id":14,"date":"2016-03-03T11:55:55","date_gmt":"2016-03-03T11:55:55","guid":{"rendered":"http:\/\/hochseilgarten-luetjensee.de\/?page_id=14"},"modified":"2026-03-11T09:50:49","modified_gmt":"2026-03-11T09:50:49","slug":"infos","status":"publish","type":"page","link":"http:\/\/hochseilgarten-luetjensee.de\/?page_id=14","title":{"rendered":"Infos"},"content":{"rendered":"<h1>Informationen zum Hochseilgarten L\u00fctjensee<\/h1>\n<h2>Wer kann mitmachen ?<\/h2>\n<p>Mitmachen im Hochseilgarten kann jeder ab einer empfohlenen Mindestgr\u00f6\u00dfe von 1,20 Meter und 5 Jahren (gesetzlich vorgeschrieben),<br \/>\nder \u00fcber ein festes, geschlossenes Schuhwerk verf\u00fcgt.<\/p>\n<p>Folgende Empfehlungen gelten f\u00fcr unsere Parcours.<\/p>\n<p>* 1,20 m Mindestgr\u00f6\u00dfe empfohlen der Person f\u00fcr den Parcours in der H\u00f6he von 1,50\u00a0 Meter und ab 5 Jahre (gesetzlich vorgeschrieben)<br \/>\n* 1,20 m Mindestgr\u00f6\u00dfe empfohlen der Person f\u00fcr den Parcours in der H\u00f6he von 3,00 Meter und ab 6 Jahre (gesetzlich vorgeschrieben)<br \/>\n* 1,45 m Mindestgr\u00f6\u00dfe empfohlen der Person f\u00fcr den Parcours in der H\u00f6he von 8,00 Meter ab 10 Jahre mit Begleitung<br \/>\n* H\u00f6henstieg 20 m ab 18 Jahren, ab 11 Jahre alleine bis zur H\u00e4lfte\/ ab 12 Jahre die zweite H\u00e4lfte.<br \/>\nEs gen\u00fcgt eine durchschnittlich Fitness und Kondition, sowie stabile Herz- und Kreislauffunktionen. Kranke oder verletze Teilnehmer k\u00f6nnen ebenfalls vom Event ausgeschlossen werden.<\/p>\n<p>Wichtig ist hier vor allem der Grad und die Art der Krankheit oder Verletzung. Leichte Verletzungen und chronische Erkrankungen ( z.B. Asthma, Diabetes usw.) liegen h\u00e4ufig im Ermessen der Teilnehmers.<br \/>\n<strong>Wichtig vor der Teilnahme im Hochseilgarten: Bitte beachten Sie auf jeden Fall die Benutzerregeln f\u00fcr den Hochseilgarten L\u00fctjensee.<\/strong><\/p>\n<p>Drucken Sie sich die Benutzerregeln aus und bringen Sie diese zur Teilnahme unterschrieben mit. Dies ist gerade f\u00fcr Personen die das 18. Lebensjahr noch nicht erreicht haben sehr wichtig.<\/p>\n<p><a href=\"http:\/\/hochseilgarten-luetjensee.de\/wp-content\/uploads\/2026\/03\/Benutzer-Regeln-2026-LSee.pdf\" target=\"_blank\" rel=\"noopener\">Benutzerregeln L\u00fctjensee\u00a0<\/a><\/p>\n<p><a href=\"http:\/\/hochseilgarten-luetjensee.de\/wp-content\/uploads\/2026\/03\/AGBs-2026.pdf\" target=\"_blank\" rel=\"noopener\">AGB L\u00fctjensee<\/a><\/p>\n<h2>Kleidung und Equipment<\/h2>\n<p>Das folgende Equipment hat sich als sinnvoll erwiesen.<\/p>\n<p>* feste Schuhe mit griffigem Profil (Sport- oder Trekkingschuhe)<br \/>\n* robuste und bequeme Bekleidung (funktionelle Outdoor-Bekleidung w\u00e4re ideal)<br \/>\n* Feste Handschuhe (k\u00f6nnen kostenlos zur Verf\u00fcgung gestellt werden)<br \/>\n* Bei gutem Wetter: Sonnenschutzmittel &amp; Sonnenbrille<br \/>\n* Bei nassem Wetter: Regenbekleidung evtl. Wechselkleidung, Handtuch<br \/>\n* Bei kaltem Wetter: Handschuhe (k\u00f6nnen kostenlos zur Verf\u00fcgung gestellt werden) und ggf. eine d\u00fcnne M\u00fctze<br \/>\n* Tape f\u00fcr evtl. Bauchnabel- oder andere Piercings<br \/>\n* Lange Haare m\u00fcssen zusammengebunden werden (bitte Haargummis bzw. Spangen mitbringen.)<\/p>\n<h2>Sicherheit<\/h2>\n<p>Ihre Sicherheit ist uns wichtig!<\/p>\n<p>Dass unsere G\u00e4ste wohlbehalten wieder unten ankommen, daf\u00fcr sorgt unser Team.<br \/>\nJeder Teilnehmer bekommt vor der Tour eine Einweisung durch speziell geschultes Personal. Betreuer am Boden leisten jederzeit Hilfestellung beim Weg durch den Parcours.<\/p>\n<p>Jedem Teilnehmer steht modernste, nach internationalen Standards gepr\u00fcfte Sicherheitsausr\u00fcstung, besteht aus Sicherheitsgurt und 2 Sicherungsseilen, zur Verf\u00fcgung. Selbstverst\u00e4ndlich gibt es auch Rettungssets im Hochseilgarten, die immer dann zum Einsatz kommt, wenn es nicht mehr geht. Unsere Trainer k\u00f6nnen damit die Teilnehmer von jedem Punkt der Anlage in k\u00fcrzester Zeit zum Boden abseilen.<\/p>\n<p>Regelm\u00e4\u00dfig werden alle sicherheitsrelevanten Teile der Anlage, sowie die Sicherheitsausr\u00fcstung der Teilnehmer \u00fcberpr\u00fcft und ausgetauscht, so dass immer ein einwandfreier Zustand garantiert werden kann.<br \/>\nSelbstverst\u00e4ndlich wurde und wird der Hochseilgarten vom T\u00dcV gepr\u00fcft.<\/p>\n<p><span style=\"color: #993300;\"><em><strong>Unser neues CLic-iT System bietet unseren Kunden ein einfaches und zuverl\u00e4ssiges System. CLic-iT besteht aus zwei kommunizierenden Karabinern, die eine simple und einh\u00e4ndige Handhabung allen Teilnehmern erm\u00f6glicht.<\/strong><\/em><\/span><\/p>\n<p><span style=\"color: #993300;\"><em><strong>CLic-iT ist ein optimales Sicherheitssystem bei gr\u00f6\u00dftm\u00f6glichem Spa\u00df. Dieses System wird an den Plattformen zwischen<\/strong><\/em><\/span><br \/>\n<span style=\"color: #993300;\"><em><strong>den einzelnen \u00dcbungen umgeh\u00e4ngt. Jeder hat die M\u00f6glichkeit sein Tempo Selbst zu w\u00e4hlen. Andere schnellere Teilnehmer k\u00f6nnen an den Plattformen problemlos \u201e\u00fcberholen&#8220;. Ein Aushaken beider Karabiner ist im Kletterbetrieb durch die Sperrfunktion nicht gegeben.<\/strong> <\/em><\/span><\/p>\n<p><strong>Mitgliedschaft ERCA<\/strong><\/p>\n<p>Als aktives ERCA (Mitglied de European Ropes Course Association) verpflichten wir uns zu h\u00f6chsten Sicherheitsstandards in unserem Hochseilgarten, bez\u00fcglich Beschreibung und Wartung der Anlage.<br \/>\nAlle Sicherheitstrainer erfahren eine gr\u00fcndliche Ausbildung und m\u00fcssen sich durch st\u00e4ndige Trainings und Fortbildungen weiterqualifizieren.<\/p>\n<h2><\/h2>\n<h1><\/h1>\n","protected":false},"excerpt":{"rendered":"<p>Informationen zum Hochseilgarten L\u00fctjensee Wer kann mitmachen ? Mitmachen im Hochseilgarten kann jeder ab einer empfohlenen Mindestgr\u00f6\u00dfe von 1,20 Meter und 5 Jahren (gesetzlich vorgeschrieben), der \u00fcber ein festes, geschlossenes Schuhwerk verf\u00fcgt. Folgende Empfehlungen gelten f\u00fcr unsere Parcours. * 1,20 m Mindestgr\u00f6\u00dfe empfohlen der Person f\u00fcr den Parcours in der H\u00f6he von 1,50\u00a0 Meter und [&hellip;]<\/p>\n","protected":false},"author":1,"featured_media":0,"parent":0,"menu_order":0,"comment_status":"closed","ping_status":"closed","template":"","meta":{"footnotes":""},"class_list":["post-14","page","type-page","status-publish","czr-hentry"],"aioseo_notices":[],"_links":{"self":[{"href":"http:\/\/hochseilgarten-luetjensee.de\/index.php?rest_route=\/wp\/v2\/pages\/14","targetHints":{"allow":["GET"]}}],"collection":[{"href":"http:\/\/hochseilgarten-luetjensee.de\/index.php?rest_route=\/wp\/v2\/pages"}],"about":[{"href":"http:\/\/hochseilgarten-luetjensee.de\/index.php?rest_route=\/wp\/v2\/types\/page"}],"author":[{"embeddable":true,"href":"http:\/\/hochseilgarten-luetjensee.de\/index.php?rest_route=\/wp\/v2\/users\/1"}],"replies":[{"embeddable":true,"href":"http:\/\/hochseilgarten-luetjensee.de\/index.php?rest_route=%2Fwp%2Fv2%2Fcomments&post=14"}],"version-history":[{"count":36,"href":"http:\/\/hochseilgarten-luetjensee.de\/index.php?rest_route=\/wp\/v2\/pages\/14\/revisions"}],"predecessor-version":[{"id":473,"href":"http:\/\/hochseilgarten-luetjensee.de\/index.php?rest_route=\/wp\/v2\/pages\/14\/revisions\/473"}],"wp:attachment":[{"href":"http:\/\/hochseilgarten-luetjensee.de\/index.php?rest_route=%2Fwp%2Fv2%2Fmedia&parent=14"}],"curies":[{"name":"wp","href":"https:\/\/api.w.org\/{rel}","templated":true}]}}